{"id":51,"date":"2023-01-26T17:22:54","date_gmt":"2023-01-26T16:22:54","guid":{"rendered":"http:\/\/ifritflammenzunge.de\/w\/home\/"},"modified":"2026-05-07T18:25:11","modified_gmt":"2026-05-07T16:25:11","slug":"home","status":"publish","type":"page","link":"https:\/\/ifritflammenzunge.de\/w\/","title":{"rendered":"Home"},"content":{"rendered":"\n<div class=\"wp-block-group\"><div class=\"wp-block-group__inner-container is-layout-constrained wp-block-group-is-layout-constrained\">\n<p class=\"has-text-align-center has-vivid-red-color has-text-color\">Willkommen, ich bin Ifrit Flammenzunge der Feuerb\u00e4ndiger aus dem sch\u00f6nen Marburg.<\/p>\n\n\n\n<p class=\"has-text-align-center has-vivid-red-color has-text-color\">Sie sind auf der Suche nach etwas besonderem f\u00fcr ihre Veranstaltung?<br>Dann sind sie hier genau richtig, ich biete Ihnen abwechlungsreiche Darstellungen aus den verschiedensten Bereichen der Feuer- und Lichtjonglage.<\/p>\n\n\n\n<p class=\"has-text-align-center has-vivid-red-color has-text-color\">Egal ob sie eine kleine oder eine gewaltige Show w\u00fcnschen durch meine langj\u00e4hrige Erfahrung habe ich ein gro\u00dfes Netzwerk aus Feuerspielerinnen, T\u00e4nzerinnen, Musikerinnen usw. zur Verf\u00fcgung.<br>Auf ihren Wunsch kann ich speziell thematisierte Choreografien f\u00fcr ihr Veranstaltung entwickeln.<\/p>\n\n\n\n<p class=\"has-text-align-center has-vivid-red-color has-text-color\">F\u00fcr einen feurigen Auftritt ben\u00f6tige ich 5&#215;5 oder 4&#215;8 Meter Aktionsfl\u00e4che und 6 Meter H\u00f6he.<br>Sollten sie nicht \u00fcber eine solche Fl\u00e4che verf\u00fcgen, erleuchte ich ihr Fest gerne auch mit meiner LED-Glowshow.<\/p>\n\n\n\n<p class=\"has-text-align-center has-vivid-red-color has-text-color\">Lassen Sie sich zu einer mystischen Reise durch die faszinierende Welt des Lichts und Feuers entf\u00fchren.<\/p>\n<\/div><\/div>\n","protected":false},"excerpt":{"rendered":"<p>Willkommen, ich bin Ifrit Flammenzunge der Feuerb\u00e4ndiger aus dem sch\u00f6nen Marburg. Sie sind auf der Suche nach etwas besonderem f\u00fcr ihre Veranstaltung?Dann sind sie hier genau richtig, ich biete Ihnen abwechlungsreiche Darstellungen aus den verschiedensten Bereichen der Feuer- und Lichtjonglage. Egal ob sie eine kleine oder eine gewaltige Show w\u00fcnschen durch meine langj\u00e4hrige Erfahrung habe [&hellip;]<\/p>\n","protected":false},"author":1,"featured_media":0,"parent":0,"menu_order":0,"comment_status":"closed","ping_status":"closed","template":"","meta":{"ngg_post_thumbnail":0,"footnotes":""},"class_list":["post-51","page","type-page","status-publish","hentry"],"_links":{"self":[{"href":"https:\/\/ifritflammenzunge.de\/w\/index.php?rest_route=\/wp\/v2\/pages\/51","targetHints":{"allow":["GET"]}}],"collection":[{"href":"https:\/\/ifritflammenzunge.de\/w\/index.php?rest_route=\/wp\/v2\/pages"}],"about":[{"href":"https:\/\/ifritflammenzunge.de\/w\/index.php?rest_route=\/wp\/v2\/types\/page"}],"author":[{"embeddable":true,"href":"https:\/\/ifritflammenzunge.de\/w\/index.php?rest_route=\/wp\/v2\/users\/1"}],"replies":[{"embeddable":true,"href":"https:\/\/ifritflammenzunge.de\/w\/index.php?rest_route=%2Fwp%2Fv2%2Fcomments&post=51"}],"version-history":[{"count":6,"href":"https:\/\/ifritflammenzunge.de\/w\/index.php?rest_route=\/wp\/v2\/pages\/51\/revisions"}],"predecessor-version":[{"id":581,"href":"https:\/\/ifritflammenzunge.de\/w\/index.php?rest_route=\/wp\/v2\/pages\/51\/revisions\/581"}],"wp:attachment":[{"href":"https:\/\/ifritflammenzunge.de\/w\/index.php?rest_route=%2Fwp%2Fv2%2Fmedia&parent=51"}],"curies":[{"name":"wp","href":"https:\/\/api.w.org\/{rel}","templated":true}]}}