{"id":1291,"date":"2023-01-30T17:41:55","date_gmt":"2023-01-30T16:41:55","guid":{"rendered":"http:\/\/ifritflammenzunge.de\/w\/?page_id=1291"},"modified":"2026-05-05T08:56:13","modified_gmt":"2026-05-05T06:56:13","slug":"impressum","status":"publish","type":"page","link":"https:\/\/ifritflammenzunge.de\/w\/?page_id=1291","title":{"rendered":"Impressum"},"content":{"rendered":"\n<div class=\"page-body\">\n<h2>Angaben gem\u00e4\u00df \u00a7 5 TMG<\/h2>\n<p>Ifrit Flammenzunge<br>Marburg<\/p>\n<h2>Kontakt<\/h2>\n<p>Telefon: <a href=\"tel:+4915252037450\">+49 (0) 152 520 37450<\/a><br>E-Mail: <a href=\"mailto:Show@ifritflammenzunge.de\">Show@ifritflammenzunge.de<\/a><\/p>\n<h2>Verantwortlich f\u00fcr den Inhalt nach \u00a7 55 Abs. 2 RStV<\/h2>\n<p>Ifrit Flammenzunge, Marburg<\/p>\n<h2>Haftungsausschluss<\/h2>\n<p>Die Inhalte dieser Website wurden mit gr\u00f6\u00dfter Sorgfalt erstellt. F\u00fcr die Richtigkeit, Vollst\u00e4ndigkeit und Aktualit\u00e4t der Inhalte \u00fcbernehmen wir keine Gew\u00e4hr.<\/p>\n<\/div>\n","protected":false},"excerpt":{"rendered":"<p>Angaben gem\u00e4\u00df \u00a7 5 TMG Ifrit FlammenzungeMarburg Kontakt Telefon: +49 (0) 152 520 37450E-Mail: Show@ifritflammenzunge.de Verantwortlich f\u00fcr den Inhalt nach \u00a7 55 Abs. 2 RStV Ifrit Flammenzunge, Marburg Haftungsausschluss Die Inhalte dieser Website wurden mit gr\u00f6\u00dfter Sorgfalt erstellt. F\u00fcr die Richtigkeit, Vollst\u00e4ndigkeit und Aktualit\u00e4t der Inhalte \u00fcbernehmen wir keine Gew\u00e4hr.<\/p>\n","protected":false},"author":1,"featured_media":0,"parent":0,"menu_order":0,"comment_status":"closed","ping_status":"closed","template":"","meta":{"ngg_post_thumbnail":0,"footnotes":""},"class_list":["post-1291","page","type-page","status-publish","hentry"],"_links":{"self":[{"href":"https:\/\/ifritflammenzunge.de\/w\/index.php?rest_route=\/wp\/v2\/pages\/1291","targetHints":{"allow":["GET"]}}],"collection":[{"href":"https:\/\/ifritflammenzunge.de\/w\/index.php?rest_route=\/wp\/v2\/pages"}],"about":[{"href":"https:\/\/ifritflammenzunge.de\/w\/index.php?rest_route=\/wp\/v2\/types\/page"}],"author":[{"embeddable":true,"href":"https:\/\/ifritflammenzunge.de\/w\/index.php?rest_route=\/wp\/v2\/users\/1"}],"replies":[{"embeddable":true,"href":"https:\/\/ifritflammenzunge.de\/w\/index.php?rest_route=%2Fwp%2Fv2%2Fcomments&post=1291"}],"version-history":[{"count":10,"href":"https:\/\/ifritflammenzunge.de\/w\/index.php?rest_route=\/wp\/v2\/pages\/1291\/revisions"}],"predecessor-version":[{"id":2191,"href":"https:\/\/ifritflammenzunge.de\/w\/index.php?rest_route=\/wp\/v2\/pages\/1291\/revisions\/2191"}],"wp:attachment":[{"href":"https:\/\/ifritflammenzunge.de\/w\/index.php?rest_route=%2Fwp%2Fv2%2Fmedia&parent=1291"}],"curies":[{"name":"wp","href":"https:\/\/api.w.org\/{rel}","templated":true}]}}