{"id":121,"date":"2023-01-26T17:32:35","date_gmt":"2023-01-26T16:32:35","guid":{"rendered":"http:\/\/ifritflammenzunge.de\/w\/?page_id=121"},"modified":"2023-02-03T11:20:25","modified_gmt":"2023-02-03T10:20:25","slug":"ueber-mich","status":"publish","type":"page","link":"https:\/\/ifritflammenzunge.de\/w\/?page_id=121","title":{"rendered":"\u00dcber mich"},"content":{"rendered":"\n<p class=\"has-text-align-center has-vivid-red-color has-text-color\"><em><strong>\u201eFeuer ist f\u00fcr mich Faszination und Lebensquell, in jeden meiner Auftritte lege ich volles Herzblut hinein\u201c<\/strong><\/em><\/p>\n\n\n\n<p class=\"has-text-align-center has-vivid-red-color has-text-color\">Als erfahrener Feuerk\u00fcnstler fessle ich seit \u00fcber einem Jahrzehnt das Publikum mit meinen dynamischen Darbietungen. In meiner Heimat Marburg habe ich meine F\u00e4higkeiten in der Kunst der Feuerjonglage verfeinert und sie zu einem festen Bestandteil meines Lebens gemacht. Ich stecke mein Herz und meine Seele in jede einzelne Darbietung und strebe danach, ein unvergessliches Erlebnis f\u00fcr mein Publikum zu schaffen.<\/p>\n\n\n\n<p class=\"has-text-align-center has-vivid-red-color has-text-color\">Meine Liebe zur Feuerjonglage entspringt der tiefen Leidenschaft, die Zuschauer zu unterhalten und zu fesseln. Ich finde Freude am Nervenkitzel der Flammen und dem Adrenalinschub, der mit jeder Vorstellung einhergeht. Ich strebe danach, die Grenzen des M\u00f6glichen zu erweitern und mein Handwerk kontinuierlich zu verbessern, um meinem Publikum ein wahrhaft hypnotisierendes Erlebnis zu bieten, an das Sie sich noch lange erinnern werden. Egal, ob es sich um eine kleine, intime Veranstaltung oder ein gro\u00dfes Festival handelt, ich gehe an jeden Auftritt mit demselben Ma\u00df an Begeisterung und Hingabe heran.<\/p>\n\n\n\n<p class=\"has-text-align-center has-vivid-red-color has-text-color\">Wenn Sie also auf der Suche nach einem talentierten und erfahrenen Feuerk\u00fcnstler sind, der Ihre Veranstaltung in Schwung bringt, dann sind Sie bei mir genau richtig. Lassen Sie uns gemeinsam Erinnerungen schaffen, die ein Leben lang halten werden.<\/p>\n\n\n\n<p><\/p>\n\n\n<div class=\"wp-block-image\">\n<figure class=\"aligncenter size-large is-resized\"><img loading=\"lazy\" decoding=\"async\" src=\"https:\/\/ifritflammenzunge.de\/w\/wp-content\/uploads\/2023\/01\/Stab1-704x1024.jpg\" alt=\"\" class=\"wp-image-621\" width=\"704\" height=\"1024\" srcset=\"https:\/\/ifritflammenzunge.de\/w\/wp-content\/uploads\/2023\/01\/Stab1-704x1024.jpg 704w, https:\/\/ifritflammenzunge.de\/w\/wp-content\/uploads\/2023\/01\/Stab1-206x300.jpg 206w, https:\/\/ifritflammenzunge.de\/w\/wp-content\/uploads\/2023\/01\/Stab1-768x1117.jpg 768w, https:\/\/ifritflammenzunge.de\/w\/wp-content\/uploads\/2023\/01\/Stab1-1056x1536.jpg 1056w, https:\/\/ifritflammenzunge.de\/w\/wp-content\/uploads\/2023\/01\/Stab1.jpg 1100w\" sizes=\"auto, (max-width: 704px) 100vw, 704px\" \/><\/figure>\n<\/div>","protected":false},"excerpt":{"rendered":"<p>\u201eFeuer ist f\u00fcr mich Faszination und Lebensquell, in jeden meiner Auftritte lege ich volles Herzblut hinein\u201c Als erfahrener Feuerk\u00fcnstler fessle ich seit \u00fcber einem Jahrzehnt das Publikum mit meinen dynamischen Darbietungen. In meiner Heimat Marburg habe ich meine F\u00e4higkeiten in der Kunst der Feuerjonglage verfeinert und sie zu einem festen Bestandteil meines Lebens gemacht. Ich [&hellip;]<\/p>\n","protected":false},"author":1,"featured_media":0,"parent":0,"menu_order":0,"comment_status":"closed","ping_status":"closed","template":"","meta":{"ngg_post_thumbnail":0,"footnotes":""},"class_list":["post-121","page","type-page","status-publish","hentry"],"_links":{"self":[{"href":"https:\/\/ifritflammenzunge.de\/w\/index.php?rest_route=\/wp\/v2\/pages\/121","targetHints":{"allow":["GET"]}}],"collection":[{"href":"https:\/\/ifritflammenzunge.de\/w\/index.php?rest_route=\/wp\/v2\/pages"}],"about":[{"href":"https:\/\/ifritflammenzunge.de\/w\/index.php?rest_route=\/wp\/v2\/types\/page"}],"author":[{"embeddable":true,"href":"https:\/\/ifritflammenzunge.de\/w\/index.php?rest_route=\/wp\/v2\/users\/1"}],"replies":[{"embeddable":true,"href":"https:\/\/ifritflammenzunge.de\/w\/index.php?rest_route=%2Fwp%2Fv2%2Fcomments&post=121"}],"version-history":[{"count":7,"href":"https:\/\/ifritflammenzunge.de\/w\/index.php?rest_route=\/wp\/v2\/pages\/121\/revisions"}],"predecessor-version":[{"id":1911,"href":"https:\/\/ifritflammenzunge.de\/w\/index.php?rest_route=\/wp\/v2\/pages\/121\/revisions\/1911"}],"wp:attachment":[{"href":"https:\/\/ifritflammenzunge.de\/w\/index.php?rest_route=%2Fwp%2Fv2%2Fmedia&parent=121"}],"curies":[{"name":"wp","href":"https:\/\/api.w.org\/{rel}","templated":true}]}}